{"id":2,"date":"2018-08-24T03:01:46","date_gmt":"2018-08-24T03:01:46","guid":{"rendered":"http:\/\/www.cheapnames.com\/v1\/fr\/?page_id=2"},"modified":"2019-03-16T15:29:58","modified_gmt":"2019-03-16T14:29:58","slug":"about","status":"publish","type":"page","link":"https:\/\/www.cheapnames.com\/v1\/fr\/","title":{"rendered":"About"},"content":{"rendered":"\n\t<p><strong>Chaque nom de domaine, sans exception, est accompagn\u00e9 de tout ce dont vous avez besoin pour vous lancer en ligne.<\/strong><\/p>\n<ul>\n<li><strong>Transfert et masquage de domaine :\u00a0<\/strong>Dirigez tout nom de domaine que vous poss\u00e9dez vers votre site Web. Lorsqu\u2019un utilisateur saisit ce nom de domaine dans son navigateur, il est dirig\u00e9 directement vers votre site Web.<\/li>\n<li><strong>Verrouillage de domaine :\u00a0<\/strong>Le verrouillage d\u2019un domaine permet d\u2019emp\u00eacher le transfert accidentel ou intentionnel de la propri\u00e9t\u00e9 du domaine et bloque toute personne qui tenterait de rediriger vos serveurs de noms.<\/li>\n<li><strong>Contr\u00f4le total du syst\u00e8me DNS :<\/strong>\u00a0G\u00e9rez les enregistrements de votre serveur de noms de domaine (DNS) et configurez votre messagerie, votre FTP, vos sous-domaines et l\u2019emplacement de votre site Web, le tout depuis un panneau de configuration unique.<\/li>\n<li><strong>Modification d\u2019enregistrement :<\/strong>\u00a0\u00c0 tout moment, assignez votre nom de domaine \u00e0 une autre personne ou modifiez en ligne les contacts associ\u00e9s \u00e0 votre domaine.<\/li>\n<li><strong>Alertes de statut :<\/strong>\u00a0Contr\u00f4lez le statut de votre domaine et recevez des alertes instantan\u00e9es en cas de modification.<\/li>\n<li><strong>Protection de renouvellement automatique :<\/strong>\u00a0Plus besoin de faire attention aux dates d\u2019expiration pour ne pas oublier de renouveler \u00e0 temps ! Le renouvellement automatique maintient les domaines, l\u2019h\u00e9bergement, les cr\u00e9ateurs de sites Web et les autres produits \u00e0 votre nom et sous votre contr\u00f4le.<\/li>\n<\/ul>\n<p><small>Avis de non responsabilit\u00e9 sur les domaines<\/small><\/p>\n<ul>\n<li><small>Les r\u00e9ductions sp\u00e9ciales s\u2019appliquent uniquement la premi\u00e8re ann\u00e9e de l\u2019enregistrement. Vous devez acheter une section compl\u00e8te pour b\u00e9n\u00e9ficier de r\u00e9ductions sp\u00e9ciales.<\/small><\/li>\n<li><small>Le prix final peut varier en raison des ventes, frais et promotions suppl\u00e9mentaires.<\/small><\/li>\n<li><small>Les produits sont soumis \u00e0 renouvellement automatique jusqu\u2019\u00e0 ce qu\u2019ils soient annul\u00e9s. Vous pouvez d\u00e9sactiver la fonction de renouvellement automatique en consultant votre compte.<\/small><\/li>\n<li><small>Pour certains domaines, le changement d\u2019enregistrement peut appeler des frais.<\/small><\/li>\n<\/ul>\n","protected":false},"excerpt":{"rendered":"<p>Chaque nom de domaine, sans exception, est accompagn\u00e9 de tout ce dont vous avez besoin pour vous lancer en ligne.&hellip;<\/p>\n","protected":false},"author":1,"featured_media":0,"parent":0,"menu_order":0,"comment_status":"closed","ping_status":"open","template":"","meta":{"footnotes":""},"class_list":["post-2","page","type-page","status-publish","hentry"],"_links":{"self":[{"href":"https:\/\/www.cheapnames.com\/v1\/fr\/wp-json\/wp\/v2\/pages\/2","targetHints":{"allow":["GET"]}}],"collection":[{"href":"https:\/\/www.cheapnames.com\/v1\/fr\/wp-json\/wp\/v2\/pages"}],"about":[{"href":"https:\/\/www.cheapnames.com\/v1\/fr\/wp-json\/wp\/v2\/types\/page"}],"author":[{"embeddable":true,"href":"https:\/\/www.cheapnames.com\/v1\/fr\/wp-json\/wp\/v2\/users\/1"}],"replies":[{"embeddable":true,"href":"https:\/\/www.cheapnames.com\/v1\/fr\/wp-json\/wp\/v2\/comments?post=2"}],"version-history":[{"count":11,"href":"https:\/\/www.cheapnames.com\/v1\/fr\/wp-json\/wp\/v2\/pages\/2\/revisions"}],"predecessor-version":[{"id":418,"href":"https:\/\/www.cheapnames.com\/v1\/fr\/wp-json\/wp\/v2\/pages\/2\/revisions\/418"}],"wp:attachment":[{"href":"https:\/\/www.cheapnames.com\/v1\/fr\/wp-json\/wp\/v2\/media?parent=2"}],"curies":[{"name":"wp","href":"https:\/\/api.w.org\/{rel}","templated":true}]}}