{"id":2,"date":"2018-08-24T03:01:46","date_gmt":"2018-08-24T03:01:46","guid":{"rendered":"http:\/\/www.cheapnames.com\/v1\/de\/?page_id=2"},"modified":"2018-09-10T11:06:34","modified_gmt":"2018-09-10T11:06:34","slug":"about","status":"publish","type":"page","link":"https:\/\/www.cheapnames.com\/v1\/de\/","title":{"rendered":"About"},"content":{"rendered":"<p><strong>Mit jedem Domainnamen erh\u00e4ltst du alles, was du ben\u00f6tigst, um online zu gehen.<\/strong><\/p>\n<ul>\n<li><strong>Domainweiterleitung und -maskierung:\u00a0<\/strong>Leite eigene Domainnamen auf deine Website weiter. Jeder, der diesen Domainnamen in seinen Browser eingibt, gelangt direkt zu deiner Website.<\/li>\n<li><strong>Domainsperrung:\u00a0<\/strong>Die Domainsperrung verhindert versehentliche oder absichtliche \u00dcbertragungen der Domain-Eigentumsrechte und die Umleitung deiner Namenserver.<\/li>\n<li><strong>V\u00f6llige DNS-Kontrolle:<\/strong>\u00a0Verwalte deine Domainnamenserver-(DNS-)Eintr\u00e4ge und richte deine E-Mail- und FTP-Adresse, deine Subdomains und den Speicherort deiner Website ein \u2013 alles mit einem zentralen Control Panel.<\/li>\n<li><strong>\u00c4nderung der Registrierung:<\/strong>\u00a0Du kannst jederzeit deinen Domainnamen jemand anderem zuweisen oder online die Kontakte f\u00fcr deine Domain \u00e4ndern.<\/li>\n<li><strong>Statusmeldungen:<\/strong>\u00a0\u00dcberwache den Status deiner Domain und erhalte bei Ver\u00e4nderungen sofort eine Meldung.<\/li>\n<li><strong>Schutz durch automatische Verl\u00e4ngerung:<\/strong>\u00a0Du musst die Ablauftermine nicht im Auge behalten, um eine rechtzeitige Verl\u00e4ngerung sicherzustellen. Durch die automatische Verl\u00e4ngerung bleiben deine Domains, das Hosting, Website-Bauk\u00e4sten und andere Produkte unter deiner Kontrolle und werden weiter unter deinem Namen gef\u00fchrt.<\/li>\n<\/ul>\n","protected":false},"excerpt":{"rendered":"<p>Mit jedem Domainnamen erh\u00e4ltst du alles, was du ben\u00f6tigst, um online zu gehen. Domainweiterleitung und -maskierung:\u00a0Leite eigene Domainnamen auf deine&hellip;<\/p>\n","protected":false},"author":1,"featured_media":0,"parent":0,"menu_order":0,"comment_status":"closed","ping_status":"open","template":"","meta":{"footnotes":""},"class_list":["post-2","page","type-page","status-publish","hentry"],"_links":{"self":[{"href":"https:\/\/www.cheapnames.com\/v1\/de\/wp-json\/wp\/v2\/pages\/2","targetHints":{"allow":["GET"]}}],"collection":[{"href":"https:\/\/www.cheapnames.com\/v1\/de\/wp-json\/wp\/v2\/pages"}],"about":[{"href":"https:\/\/www.cheapnames.com\/v1\/de\/wp-json\/wp\/v2\/types\/page"}],"author":[{"embeddable":true,"href":"https:\/\/www.cheapnames.com\/v1\/de\/wp-json\/wp\/v2\/users\/1"}],"replies":[{"embeddable":true,"href":"https:\/\/www.cheapnames.com\/v1\/de\/wp-json\/wp\/v2\/comments?post=2"}],"version-history":[{"count":7,"href":"https:\/\/www.cheapnames.com\/v1\/de\/wp-json\/wp\/v2\/pages\/2\/revisions"}],"predecessor-version":[{"id":254,"href":"https:\/\/www.cheapnames.com\/v1\/de\/wp-json\/wp\/v2\/pages\/2\/revisions\/254"}],"wp:attachment":[{"href":"https:\/\/www.cheapnames.com\/v1\/de\/wp-json\/wp\/v2\/media?parent=2"}],"curies":[{"name":"wp","href":"https:\/\/api.w.org\/{rel}","templated":true}]}}